

{"id":588,"date":"2018-04-12T11:24:32","date_gmt":"2018-04-12T15:24:32","guid":{"rendered":"http:\/\/exploramer.webglobal.quebec\/?page_id=588"},"modified":"2026-03-11T15:45:21","modified_gmt":"2026-03-11T19:45:21","slug":"about-us","status":"publish","type":"page","link":"https:\/\/exploramer.qc.ca\/en\/about-us\/","title":{"rendered":"About us"},"content":{"rendered":"\t\t<div data-elementor-type=\"wp-page\" data-elementor-id=\"588\" class=\"elementor elementor-588\">\n\t\t\t\t\t\t<section class=\"elementor-section elementor-top-section elementor-element elementor-element-511646de elementor-section-boxed elementor-section-height-default elementor-section-height-default\" data-id=\"511646de\" data-element_type=\"section\">\n\t\t\t\t\t\t<div class=\"elementor-container elementor-column-gap-default\">\n\t\t\t\t\t<div class=\"elementor-column elementor-col-100 elementor-top-column elementor-element elementor-element-778a3ec1\" data-id=\"778a3ec1\" data-element_type=\"column\">\n\t\t\t<div class=\"elementor-widget-wrap elementor-element-populated\">\n\t\t\t\t\t\t<div class=\"elementor-element elementor-element-19420697 elementor-widget elementor-widget-shortcode\" data-id=\"19420697\" data-element_type=\"widget\" data-widget_type=\"shortcode.default\">\n\t\t\t\t<div class=\"elementor-widget-container\">\n\t\t\t\t\t<div class=\"elementor-shortcode\"><div class=\"fusion-fullwidth fullwidth-box fusion-builder-row-1 nonhundred-percent-fullwidth non-hundred-percent-height-scrolling\" style=\"background-color: rgba(255,255,255,0);background-position: center center;background-repeat: no-repeat;padding-top:0px;padding-right:0px;padding-bottom:0px;padding-left:0px;margin-bottom: 0px;margin-top: 0px;border-width: 0px 0px 0px 0px;border-color:#eae9e9;border-style:solid;\" ><div class=\"fusion-builder-row fusion-row\"><div  class=\"fusion-layout-column fusion_builder_column fusion_builder_column_1_1  fusion-one-full fusion-column-first fusion-column-last grey-bkg 1_1\"  style='margin-top:0px;margin-bottom:20px;width:100%'>\n\t\t\t\t\t<div class=\"fusion-column-wrapper\" style=\"padding: 10px 40px 10px 40px;background-position:left top;background-repeat:no-repeat;-webkit-background-size:cover;-moz-background-size:cover;-o-background-size:cover;background-size:cover;\"  data-bg-url=\"\">\n\t\t\t\t\t\t<style type=\"text\/css\"><\/style><div class=\"fusion-title title fusion-title-1 fusion-sep-none fusion-title-text fusion-title-size-one\" style=\"margin-top:10px;margin-bottom:10px;\"><h1 class=\"title-heading-left\" style=\"margin:0;\">About us<\/h1><\/div><div class=\"fusion-clearfix\"><\/div>\n\n\t\t\t\t\t<\/div>\n\t\t\t\t<\/div><div  class=\"fusion-layout-column fusion_builder_column fusion_builder_column_1_1  fusion-one-full fusion-column-first fusion-column-last grey-bkg 1_1\"  style='margin-top:0px;margin-bottom:20px;width:100%'>\n\t\t\t\t\t<div class=\"fusion-column-wrapper\" style=\"padding: 20px 40px 20px 40px;background-position:left top;background-repeat:no-repeat;-webkit-background-size:cover;-moz-background-size:cover;-o-background-size:cover;background-size:cover;\"  data-bg-url=\"\">\n\t\t\t\t\t\t<style type=\"text\/css\">.fusion-accordian  #accordion-588-1 .panel-title a .fa-fusion-box{ color: #ffffff;}.fusion-accordian  #accordion-588-1 .panel-title a .fa-fusion-box:before{ font-size: 18px; width: 18px;}.fusion-accordian  #accordion-588-1 .panel-title a{font-size:13px;}.fusion-accordian  #accordion-588-1 .panel-title a:hover, #accordion-588-1 .fusion-toggle-boxed-mode:hover .panel-title a { color: #209bdb;}.fusion-accordian  #accordion-588-1 .fusion-toggle-boxed-mode:hover .panel-title a .fa-fusion-box{ color: #209bdb;}.fusion-accordian  #accordion-588-1.fusion-toggle-icon-unboxed .fusion-panel .panel-title a:hover .fa-fusion-box{ color: #209bdb !important;}<\/style><div class=\"accordian fusion-accordian marge-logo\"><div class=\"panel-group fusion-toggle-icon-unboxed\" id=\"accordion-588-1\" role=\"tablist\"><div class=\"fusion-panel panel-default\" role=\"tabpanel\"><div class=\"panel-heading\"><h4 class=\"panel-title toggle\"><a aria-expanded=\"false\" aria-selected=\"false\" aria-controls=\"84e826b340a39f8a0\" role=\"tab\" data-toggle=\"collapse\" data-parent=\"#accordion-588-1\" data-target=\"#84e826b340a39f8a0\" href=\"#84e826b340a39f8a0\"><span class=\"fusion-toggle-icon-wrapper\" aria-hidden=\"true\"><i class=\"fa-fusion-box\" aria-hidden=\"true\"><\/i><\/span><span class=\"fusion-toggle-heading\">MISSION AND HISTORY<\/span><\/a><\/h4><\/div><div id=\"84e826b340a39f8a0\" class=\"panel-collapse collapse \"><div class=\"panel-body toggle-content fusion-clearfix\">\n\nFounded in 1995 by Member of Parliament Charles-Eug\u00e8ne Marin, Explorama: Sea, Mountains and Wonders was, at the time, dedicated to introducing visitors to the wonders of the Gasp\u00e9 Peninsula. The centre interpreted the sea, the mountains, culture and Gaspesian history.\n\nIn 2004, Explorama began a major shift towards scientific museology and marine sciences.\n\nToday, Exploramer, Discovering the Sea is a museum institution recognized by the Minist\u00e8re de la Culture et des Communications du Qu\u00e9bec and its mission is to raise public awareness about conservation and knowledge of the St. Lawrence marine ecosystem.\n\nAs part of its general mission, Exploramer's objects are as follows:\n<ol>\n \t<li>To establish and maintain a living collection of St. Lawrence marine species;<\/li>\n \t<li>To raise awareness and educate the public about the St. Lawrence through museal and interactive activities;<\/li>\n \t<li>To raise awareness and educate visitors on the protection of the St. Lawrence through activities at sea and on the shoreline;<\/li>\n \t<li>To offer an educational program linked to the official school program;<\/li>\n \t<li>To contribute to the scientific education of young people through a scientific competition;<\/li>\n \t<li>To contribute to the professionalization of students in the fields related to the mission;<\/li>\n \t<li>To operate and manage the Smarter Seafood Program for the enhancement of seafood products;<\/li>\n \t<li>To provide, administer and maintain a high quality museum institution.<\/li>\n<\/ol>\n<\/div><\/div><\/div><div class=\"fusion-panel panel-default\" role=\"tabpanel\"><div class=\"panel-heading\"><h4 class=\"panel-title toggle\"><a aria-expanded=\"false\" aria-selected=\"false\" aria-controls=\"da85962caab3b7168\" role=\"tab\" data-toggle=\"collapse\" data-parent=\"#accordion-588-1\" data-target=\"#da85962caab3b7168\" href=\"#da85962caab3b7168\"><span class=\"fusion-toggle-icon-wrapper\" aria-hidden=\"true\"><i class=\"fa-fusion-box\" aria-hidden=\"true\"><\/i><\/span><span class=\"fusion-toggle-heading\">BOARD OF DIRECTORS AND TEAM<\/span><\/a><\/h4><\/div><div id=\"da85962caab3b7168\" class=\"panel-collapse collapse \"><div class=\"panel-body toggle-content fusion-clearfix\">\n<h2 class=\"p1\"><span class=\"s1\">Board of directors<\/span><\/h2>\n<h6>Yves de Lafontaine<\/h6>\n<p class=\"p1\"><span class=\"s1\">Scientist-manager\n<\/span>President<\/p>\n\n<h6>Sylvain Tangay<\/h6>\nVice-president\n<h6>Marc-Antoine Deroy<\/h6>\nSecretary-Treasurer\n<h6>Rachel L\u00e9ger<\/h6>\nRetired Director of the Montreal Biodome\nAdministrator\n<h6>Ariane L\u00e9vesque<\/h6>\nRepresentative of the City of Sainte-Anne-des-Monts\nAdministrator\n<h6>Marie-H\u00e9l\u00e8ne Rondeau<\/h6>\nAdministrator\n<h6><\/h6>\n<h2>Permanent Team<\/h2>\n<h6>Sandra Gauthier<\/h6>\nExecutive Director\n<a href=\"mailto:sandra.gauthier@exploramer.qc.ca\">sandra.gauthier@exploramer.qc.ca<\/a>\n418-763-2500 ext.235\n<h6>Mathieu Lemonde Landry<\/h6>\nLiving collection Supervisor\n<a href=\"mailto:mathieu.lemonde-landry@exploramer.qc.ca\">mathieu.lemonde-landry@exploramer.qc.ca<\/a>\n418-763-2500 ext.222\n<h6>Charlotte Baron<\/h6>\nInterpretation Coordinator\n<a href=\"mailto:interpretation@exploramer.qc.ca\">interpretation@exploramer.qc.ca<\/a>\n418-763-2500 ext.225\n<h6>Justine Millaire<\/h6>\nMuseology projects Coordinator\n<a href=\"mailto:musee@exploramer.qc.ca\">musee@exploramer.qc.ca<\/a>\n418-763-2500 ext.221\n<h6>Pascale Waymel<\/h6>\nMarketing and Sales Manager\n<a href=\"mailto:marketing@exploramer.qc.ca\">marketing@exploramer.qc.ca<\/a>\n418-763-2500 ext.227\n<h6>Jessica Belzile<\/h6>\nSmarter Seafood Coordinator\n<a href=\"mailto:fourchette.bleue@exploramer.qc.ca\">fourchette.bleue@exploramer.qc.ca<\/a>\n418-763-2500 ext.236\n\n<a href=\"http:\/\/www.facebook.com\/fourchettebleue\"><img decoding=\"async\" class=\"alignnone wp-image-2295\" src=\"https:\/\/exploramer.qc.ca\/wp-content\/uploads\/2019\/08\/facebook-logo-png-transparent-background-300x300.png\" alt=\"\" width=\"26\" height=\"26\" srcset=\"https:\/\/exploramer.qc.ca\/wp-content\/uploads\/2019\/08\/facebook-logo-png-transparent-background-300x300-66x66.png 66w, https:\/\/exploramer.qc.ca\/wp-content\/uploads\/2019\/08\/facebook-logo-png-transparent-background-300x300-150x150.png 150w, https:\/\/exploramer.qc.ca\/wp-content\/uploads\/2019\/08\/facebook-logo-png-transparent-background-300x300-200x200.png 200w, https:\/\/exploramer.qc.ca\/wp-content\/uploads\/2019\/08\/facebook-logo-png-transparent-background-300x300.png 300w\" sizes=\"(max-width: 26px) 100vw, 26px\" \/>fourchettebleue<\/a>\n\n<a href=\"http:\/\/www.instagram.com\/fourchette.bleue\"><img decoding=\"async\" class=\"alignnone wp-image-2291\" src=\"https:\/\/exploramer.qc.ca\/wp-content\/uploads\/2019\/08\/IG.png\" alt=\"\" width=\"30\" height=\"30\" srcset=\"https:\/\/exploramer.qc.ca\/wp-content\/uploads\/2019\/08\/IG-66x66.png 66w, https:\/\/exploramer.qc.ca\/wp-content\/uploads\/2019\/08\/IG-150x150.png 150w, https:\/\/exploramer.qc.ca\/wp-content\/uploads\/2019\/08\/IG-200x200.png 200w, https:\/\/exploramer.qc.ca\/wp-content\/uploads\/2019\/08\/IG.png 250w\" sizes=\"(max-width: 30px) 100vw, 30px\" \/>fourchette.bleue<\/a>\n<h6>Audr\u00e9e-Jade Pelletier<\/h6>\nAdministrative assistant\n<a href=\"mailto:administration@exploramer.qc.ca\">administration@exploramer.qc.ca<\/a>\n418-763-2500 ext.223\n<h6>Clotilde Flechel<\/h6>\nCommunications and social media officer\n<a href=\"mailto:communication@exploramer.qc.ca\">communication@exploramer.qc.ca<\/a>\n418-763-2500 ext.238\n<h6>Ronald Servant<\/h6>\nShip Captain\n<h6>Gervais Pouliot<\/h6>\nShip Captain\n<h6>Yanick Dvaranauskas<\/h6>\nMaintenance\n\n<\/div><\/div><\/div><div class=\"fusion-panel panel-default\" role=\"tabpanel\"><div class=\"panel-heading\"><h4 class=\"panel-title toggle\"><a aria-expanded=\"false\" aria-selected=\"false\" aria-controls=\"4254c0c4957d1b0dd\" role=\"tab\" data-toggle=\"collapse\" data-parent=\"#accordion-588-1\" data-target=\"#4254c0c4957d1b0dd\" href=\"#4254c0c4957d1b0dd\"><span class=\"fusion-toggle-icon-wrapper\" aria-hidden=\"true\"><i class=\"fa-fusion-box\" aria-hidden=\"true\"><\/i><\/span><span class=\"fusion-toggle-heading\">DISTINCTIONS <\/span><\/a><\/h4><\/div><div id=\"4254c0c4957d1b0dd\" class=\"panel-collapse collapse \"><div class=\"panel-body toggle-content fusion-clearfix\">\n\nOver the past few years, Exploramer has received numerous awards for all its activities:\n<ul>\n \t<li>2005 Tourism Industry Award at the Gala de la Reconnaissance Desjardins, Chambre de commerce de la Haute-Gasp\u00e9sie;<\/li>\n \t<li>2007 Tourism Industry Award at the Gala de la Reconnaissance Desjardins, Chambre de commerce de la Haute-Gasp\u00e9sie;<\/li>\n \t<li>2008 Tourist Attraction Award at the Grands Prix r\u00e9gionaux du tourisme, Association touristique de la Gasp\u00e9sie;<\/li>\n \t<li>2008 Silver Award, Tourist Attraction of less than 100 000 visitors at the Grands Prix nationaux du tourisme, Tourisme Qu\u00e9bec;<\/li>\n \t<li>2008 Excellence Award, Museum institution with a budget between $500,000 and $2 million, Soci\u00e9t\u00e9 des mus\u00e9es qu\u00e9b\u00e9cois;<\/li>\n \t<li>2010 Sustainable Tourism Award at the Grands Prix r\u00e9gionaux du tourisme, Association touristique de la Gasp\u00e9sie;<\/li>\n \t<li>Ph\u00e9nix de l'Environnement - sustainable consumption 2010, Minist\u00e8re de l'Environnement du Qu\u00e9bec;<\/li>\n \t<li>2010 Qu\u00e9bec corporate citizen Award, magazine l'Actualit\u00e9;<\/li>\n \t<li>2014 Environmental Excellence Award, Conseil r\u00e9gional de l'environnement Gasp\u00e9sie- \u00celes de la Madeleine.<\/li>\n \t<li>Nomination Company or Initiative of the Year for Smarter Seafood - 2018 - Gala Les Lauriers de la gastronomie qu\u00e9b\u00e9coise<\/li>\n<\/ul>\n<\/div><\/div><\/div><div class=\"fusion-panel panel-default\" role=\"tabpanel\"><div class=\"panel-heading\"><h4 class=\"panel-title toggle\"><a aria-expanded=\"false\" aria-selected=\"false\" aria-controls=\"944b28a6d995fdf5a\" role=\"tab\" data-toggle=\"collapse\" data-parent=\"#accordion-588-1\" data-target=\"#944b28a6d995fdf5a\" href=\"#944b28a6d995fdf5a\"><span class=\"fusion-toggle-icon-wrapper\" aria-hidden=\"true\"><i class=\"fa-fusion-box\" aria-hidden=\"true\"><\/i><\/span><span class=\"fusion-toggle-heading\">AFFILIATIONS<\/span><\/a><\/h4><\/div><div id=\"944b28a6d995fdf5a\" class=\"panel-collapse collapse \"><div class=\"panel-body toggle-content fusion-clearfix\">Exploramer is also proud of its affiliations:\n\n<a href=\"https:\/\/www.destinationcanada.com\/fr\/programmes\" target=\"_blank\" rel=\"noopener noreferrer\"><img decoding=\"async\" class=\"alignnone wp-image-293 size-full logo\" src=\"https:\/\/exploramer.qc.ca\/wp-content\/uploads\/2018\/04\/logo-experience-canadienne-e1534794023813.jpg\" alt=\"\" width=\"200\" height=\"167\" \/><\/a><a href=\"http:\/\/www.mom-art.org\/\" target=\"_blank\" rel=\"noopener noreferrer\"><img loading=\"lazy\" decoding=\"async\" class=\"alignnone size-full wp-image-294 logo\" src=\"https:\/\/exploramer.qc.ca\/wp-content\/uploads\/2018\/04\/logo-momart.jpg\" alt=\"\" width=\"200\" height=\"167\" \/><\/a><a href=\"http:\/\/www.attraitsgaspesie.com\/\" target=\"_blank\" rel=\"noopener noreferrer\"><img loading=\"lazy\" decoding=\"async\" class=\"alignnone size-full wp-image-296 logo\" src=\"https:\/\/exploramer.qc.ca\/wp-content\/uploads\/2018\/04\/logo-attraction-gaspesie.jpg\" alt=\"\" width=\"200\" height=\"167\" \/><\/a><a href=\"http:\/\/www.routedelamorue.com\/\" target=\"_blank\" rel=\"noopener noreferrer\"><img loading=\"lazy\" decoding=\"async\" class=\"alignnone size-full wp-image-295 logo\" src=\"https:\/\/exploramer.qc.ca\/wp-content\/uploads\/2018\/04\/logo-route-morue.jpg\" alt=\"\" width=\"200\" height=\"167\" \/><\/a><a href=\"http:\/\/www.activitesgaspesie.com\" target=\"_blank\" rel=\"noopener noreferrer\"><img loading=\"lazy\" decoding=\"async\" class=\"alignnone wp-image-292 size-full logo\" src=\"https:\/\/exploramer.qc.ca\/wp-content\/uploads\/2018\/04\/logo-club-haute-gasperie.jpg\" alt=\"\" width=\"200\" height=\"167\" \/><\/a><\/div><\/div><\/div><div class=\"fusion-panel panel-default\" role=\"tabpanel\"><div class=\"panel-heading\"><h4 class=\"panel-title toggle\"><a aria-expanded=\"false\" aria-selected=\"false\" aria-controls=\"59f1e37b51942e217\" role=\"tab\" data-toggle=\"collapse\" data-parent=\"#accordion-588-1\" data-target=\"#59f1e37b51942e217\" href=\"#59f1e37b51942e217\"><span class=\"fusion-toggle-icon-wrapper\" aria-hidden=\"true\"><i class=\"fa-fusion-box\" aria-hidden=\"true\"><\/i><\/span><span class=\"fusion-toggle-heading\">PARTNERS<\/span><\/a><\/h4><\/div><div id=\"59f1e37b51942e217\" class=\"panel-collapse collapse \"><div class=\"panel-body toggle-content fusion-clearfix\">\n\nExploramer wishes to thank its financial partners who contribute to the pursuit of its mission and its development:\n\n<img loading=\"lazy\" decoding=\"async\" class=\"alignnone size-full wp-image-310 logo\" src=\"https:\/\/exploramer.qc.ca\/wp-content\/uploads\/2018\/04\/logo-quebec.jpg\" alt=\"\" width=\"200\" height=\"167\" \/><img loading=\"lazy\" decoding=\"async\" class=\"logo wp-image-1306 size-full alignnone\" src=\"https:\/\/exploramer.qc.ca\/wp-content\/uploads\/2018\/04\/logo-canada.jpg\" alt=\"\" width=\"200\" height=\"167\" \/><img loading=\"lazy\" decoding=\"async\" class=\"alignnone size-full wp-image-312 logo\" src=\"https:\/\/exploramer.qc.ca\/wp-content\/uploads\/2018\/04\/logo-fondation-faune-quebec.jpg\" alt=\"\" width=\"200\" height=\"167\" \/><img loading=\"lazy\" decoding=\"async\" class=\"alignnone size-full wp-image-314 logo\" src=\"https:\/\/exploramer.qc.ca\/wp-content\/uploads\/2018\/04\/logo-ville-sadm.jpg\" alt=\"\" width=\"200\" height=\"167\" \/><img loading=\"lazy\" decoding=\"async\" class=\"alignnone size-full wp-image-316 logo\" src=\"https:\/\/exploramer.qc.ca\/wp-content\/uploads\/2018\/04\/logo-cld.jpg\" alt=\"\" width=\"200\" height=\"167\" \/><img loading=\"lazy\" decoding=\"async\" class=\"alignnone size-full wp-image-317 logo\" src=\"https:\/\/exploramer.qc.ca\/wp-content\/uploads\/2018\/04\/logo-telus.jpg\" alt=\"\" width=\"200\" height=\"167\" \/><img loading=\"lazy\" decoding=\"async\" class=\"alignnone size-full wp-image-318 logo\" src=\"https:\/\/exploramer.qc.ca\/wp-content\/uploads\/2018\/04\/logo-desjardins.jpg\" alt=\"\" width=\"200\" height=\"167\" \/><img loading=\"lazy\" decoding=\"async\" class=\"alignnone size-full wp-image-319 logo\" src=\"https:\/\/exploramer.qc.ca\/wp-content\/uploads\/2018\/04\/logo-sadc.jpg\" alt=\"\" width=\"200\" height=\"167\" \/><img loading=\"lazy\" decoding=\"async\" class=\"alignnone size-full wp-image-320 logo\" src=\"https:\/\/exploramer.qc.ca\/wp-content\/uploads\/2018\/04\/logo-hydro.jpg\" alt=\"\" width=\"200\" height=\"167\" \/><img loading=\"lazy\" decoding=\"async\" class=\"alignnone size-full wp-image-321 logo\" src=\"https:\/\/exploramer.qc.ca\/wp-content\/uploads\/2018\/04\/logo-urls.jpg\" alt=\"\" width=\"200\" height=\"167\" \/>\n\nExploramer would also like to thank its scientific partners:\n\n<a href=\"https:\/\/crbm.ca\/\" target=\"_blank\" rel=\"noopener noreferrer\"><img loading=\"lazy\" decoding=\"async\" class=\"logo alignnone wp-image-332 size-full\" src=\"https:\/\/exploramer.qc.ca\/wp-content\/uploads\/2018\/04\/logo-crbm.jpg\" alt=\"\" width=\"200\" height=\"167\" \/><\/a><a href=\"https:\/\/gremm.org\/\" target=\"_blank\" rel=\"noopener noreferrer\"><img loading=\"lazy\" decoding=\"async\" class=\"logo alignnone wp-image-333 size-full\" src=\"https:\/\/exploramer.qc.ca\/wp-content\/uploads\/2018\/04\/logo-gremm.jpg\" alt=\"\" width=\"200\" height=\"167\" \/><\/a><a href=\"http:\/\/www.qc.dfo-mpo.gc.ca\/iml-mli\/institut-institute\/index-fra.asp\" target=\"_blank\" rel=\"noopener noreferrer\"><img loading=\"lazy\" decoding=\"async\" class=\"logo alignnone wp-image-334 size-full\" src=\"https:\/\/exploramer.qc.ca\/wp-content\/uploads\/2018\/04\/logo-iml.jpg\" alt=\"\" width=\"200\" height=\"167\" \/><\/a><a href=\"http:\/\/www.ismer.ca\/\" target=\"_blank\" rel=\"noopener noreferrer\"><img loading=\"lazy\" decoding=\"async\" class=\"logo alignnone wp-image-335 size-full\" src=\"https:\/\/exploramer.qc.ca\/wp-content\/uploads\/2018\/04\/logo-ismer.jpg\" alt=\"\" width=\"200\" height=\"167\" \/><\/a><a href=\"https:\/\/www.merinov.ca\/fr\/\" target=\"_blank\" rel=\"noopener noreferrer\"><img loading=\"lazy\" decoding=\"async\" class=\"logo alignnone wp-image-336 size-full\" src=\"https:\/\/exploramer.qc.ca\/wp-content\/uploads\/2018\/04\/logo-merinov.jpg\" alt=\"\" width=\"200\" height=\"167\" \/><\/a><a href=\"https:\/\/baleinesendirect.org\/des-baleines-en-peril\/des-actions-pour-lavenir\/urgences-mammiferes-marins\/\" target=\"_blank\" rel=\"noopener noreferrer\"><img loading=\"lazy\" decoding=\"async\" class=\"logo alignnone wp-image-337 size-full\" src=\"https:\/\/exploramer.qc.ca\/wp-content\/uploads\/2018\/04\/logo-reseau-urgence.jpg\" alt=\"\" width=\"200\" height=\"167\" \/><\/a>\n\n<\/div><\/div><\/div><div class=\"fusion-panel panel-default\" role=\"tabpanel\"><div class=\"panel-heading\"><h4 class=\"panel-title toggle\"><a aria-expanded=\"false\" aria-selected=\"false\" aria-controls=\"a379cb2106967d988\" role=\"tab\" data-toggle=\"collapse\" data-parent=\"#accordion-588-1\" data-target=\"#a379cb2106967d988\" href=\"#a379cb2106967d988\"><span class=\"fusion-toggle-icon-wrapper\" aria-hidden=\"true\"><i class=\"fa-fusion-box\" aria-hidden=\"true\"><\/i><\/span><span class=\"fusion-toggle-heading\">USEFUL LINKS<\/span><\/a><\/h4><\/div><div id=\"a379cb2106967d988\" class=\"panel-collapse collapse \"><div class=\"panel-body toggle-content fusion-clearfix\">\n<h2>To plan your vacation:<\/h2>\n<ul>\n \t<li><a href=\"http:\/\/www.tourisme-gaspesie.com\/\" target=\"_blank\" rel=\"noopener noreferrer\">Gasp\u00e9sie Tourism<\/a><\/li>\n \t<li><a href=\"http:\/\/www.attraitsgaspesie.com\/en\" target=\"_blank\" rel=\"noopener noreferrer\">Must-See Attractions Gasp\u00e9sie<\/a><\/li>\n \t<li><a href=\"http:\/\/itineraires.musees.qc.ca\/en\/st-lawrence-river\" target=\"_blank\" rel=\"noopener noreferrer\">Museum Routes for Exploring the St. Lawrence River<\/a><\/li>\n \t<li><a href=\"http:\/\/www.quebecmaritime.ca\/en\" target=\"_blank\" rel=\"noopener noreferrer\">Qu\u00e9bec Maritime<\/a><\/li>\n \t<li><a href=\"http:\/\/www.vacanceshaute-gaspesie.com\/en\" target=\"_blank\" rel=\"noopener noreferrer\">Vacances Haute-Gasp\u00e9sie<\/a><\/li>\n \t<li><a href=\"http:\/\/www.villesainte-anne-des-monts.qc.ca\/\" target=\"_blank\" rel=\"noopener noreferrer\">Town of Sainte-Anne-des-Monts <\/a><\/li>\n<\/ul>\n<\/div><\/div><\/div><\/div><\/div><div class=\"fusion-clearfix\"><\/div>\n\n\t\t\t\t\t<\/div>\n\t\t\t\t<\/div><\/div><\/div><\/div>\n\t\t\t\t<\/div>\n\t\t\t\t<\/div>\n\t\t\t\t\t<\/div>\n\t\t<\/div>\n\t\t\t\t\t<\/div>\n\t\t<\/section>\n\t\t\t\t<section class=\"elementor-section elementor-top-section elementor-element elementor-element-1737ae3 elementor-section-boxed elementor-section-height-default elementor-section-height-default\" data-id=\"1737ae3\" data-element_type=\"section\">\n\t\t\t\t\t\t<div class=\"elementor-container elementor-column-gap-default\">\n\t\t\t\t\t<div class=\"elementor-column elementor-col-100 elementor-top-column elementor-element elementor-element-625a7f1\" data-id=\"625a7f1\" data-element_type=\"column\">\n\t\t\t<div class=\"elementor-widget-wrap elementor-element-populated\">\n\t\t\t\t\t\t<div class=\"elementor-element elementor-element-d70afef elementor-widget elementor-widget-text-editor\" data-id=\"d70afef\" data-element_type=\"widget\" data-widget_type=\"text-editor.default\">\n\t\t\t\t<div class=\"elementor-widget-container\">\n\t\t\t\t\t\t\t<p>Lorem ipsum dolor sit amet, consectetur adipiscing elit. Ut elit tellus, luctus nec ullamcorper mattis, pulvinar dapibus leo.<\/p>\t\t\t\t\t\t<\/div>\n\t\t\t\t<\/div>\n\t\t\t\t\t<\/div>\n\t\t<\/div>\n\t\t\t\t\t<\/div>\n\t\t<\/section>\n\t\t\t\t<\/div>\n\t\t ","protected":false},"excerpt":{"rendered":"<p>Lorem ipsum dolor sit amet, consectetur adipiscing elit. Ut elit [&hellip;]<\/p>\n","protected":false},"author":6,"featured_media":0,"parent":0,"menu_order":0,"comment_status":"closed","ping_status":"closed","template":"","meta":{"footnotes":""},"folder":[],"_links":{"self":[{"href":"https:\/\/exploramer.qc.ca\/en\/wp-json\/wp\/v2\/pages\/588"}],"collection":[{"href":"https:\/\/exploramer.qc.ca\/en\/wp-json\/wp\/v2\/pages"}],"about":[{"href":"https:\/\/exploramer.qc.ca\/en\/wp-json\/wp\/v2\/types\/page"}],"author":[{"embeddable":true,"href":"https:\/\/exploramer.qc.ca\/en\/wp-json\/wp\/v2\/users\/6"}],"replies":[{"embeddable":true,"href":"https:\/\/exploramer.qc.ca\/en\/wp-json\/wp\/v2\/comments?post=588"}],"version-history":[{"count":52,"href":"https:\/\/exploramer.qc.ca\/en\/wp-json\/wp\/v2\/pages\/588\/revisions"}],"predecessor-version":[{"id":7240,"href":"https:\/\/exploramer.qc.ca\/en\/wp-json\/wp\/v2\/pages\/588\/revisions\/7240"}],"wp:attachment":[{"href":"https:\/\/exploramer.qc.ca\/en\/wp-json\/wp\/v2\/media?parent=588"}],"wp:term":[{"taxonomy":"folder","embeddable":true,"href":"https:\/\/exploramer.qc.ca\/en\/wp-json\/wp\/v2\/folder?post=588"}],"curies":[{"name":"wp","href":"https:\/\/api.w.org\/{rel}","templated":true}]}}